{"id":15324,"date":"2024-10-06T07:19:52","date_gmt":"2024-10-06T04:19:52","guid":{"rendered":"http:\/\/demo.qodeinteractive.com\/bridge27\/?page_id=15324"},"modified":"2024-10-13T12:20:49","modified_gmt":"2024-10-13T09:20:49","slug":"hinnakiri","status":"publish","type":"page","link":"https:\/\/dynosaurus.ee\/en\/hinnakiri\/","title":{"rendered":"Hinnakiri"},"content":{"rendered":"<div class=\"wpb-content-wrapper\"><p>[vc_row css_animation=&#8221;&#8221; row_type=&#8221;row&#8221; use_row_as_full_screen_section=&#8221;no&#8221; type=&#8221;grid&#8221; angled_section=&#8221;no&#8221; text_align=&#8221;left&#8221; background_image_as_pattern=&#8221;without_pattern&#8221; background_color=&#8221;#1e1e1e&#8221; padding_top=&#8221;104&#8243; padding_bottom=&#8221;65&#8243;][vc_column width=&#8221;1\/2&#8243;][vc_single_image image=&#8221;16289&#8243; img_size=&#8221;full&#8221; alignment=&#8221;center&#8221; onclick=&#8221;link_image&#8221; qode_css_animation=&#8221;element_from_left&#8221; transition_delay=&#8221;0.3&#8243;][\/vc_column][vc_column width=&#8221;1\/2&#8243;][vc_separator type=&#8221;transparent&#8221; up=&#8221;32&#8243; down=&#8221;0&#8243;][vc_column_text]<\/p>\n<h4>J\u00f5u m\u00f5\u00f5tmine<\/h4>\n<p>[\/vc_column_text][vc_separator type=&#8221;small&#8221; position=&#8221;left&#8221; up=&#8221;23&#8243; down=&#8221;19&#8243;][vc_column_text css=&#8221;&#8221;]J\u00f5u m\u00f5\u00f5tmine rattast ja soovi korral eeldusliku veermiku kaoga mootorist<br \/>\n60\u20ac+KM \u00fcheveoline ja 90\u20ac+KM nelikvedu[\/vc_column_text][\/vc_column][\/vc_row][vc_row css_animation=&#8221;&#8221; row_type=&#8221;row&#8221; use_row_as_full_screen_section=&#8221;no&#8221; type=&#8221;grid&#8221; angled_section=&#8221;no&#8221; text_align=&#8221;left&#8221; background_image_as_pattern=&#8221;without_pattern&#8221; background_color=&#8221;#1e1e1e&#8221; padding_top=&#8221;65&#8243; padding_bottom=&#8221;65&#8243;][vc_column width=&#8221;1\/2&#8243;][vc_separator type=&#8221;transparent&#8221; up=&#8221;32&#8243; down=&#8221;0&#8243;][vc_column_text]<\/p>\n<h4>Seadistus<\/h4>\n<p>[\/vc_column_text][vc_separator type=&#8221;small&#8221; position=&#8221;left&#8221; up=&#8221;23&#8243; down=&#8221;19&#8243;][vc_column_text css=&#8221;&#8221;]Auto aju seadistus pingis, ehk pingi rent koos seadistajaga. Enamus t\u00f6\u00f6d 120\u20ac\/h+KM, mahukamate projektidega hind kokkuleppel. Kogemus olemas enamus mootorite ja j\u00e4relturu ajudega: Maxxecu, Ecumaster, Link, Megasquirt, Vems, Haltech, K-pro, DTA, Motec jne[\/vc_column_text][vc_separator type=&#8221;transparent&#8221; up=&#8221;32&#8243; down=&#8221;0&#8243;][\/vc_column][vc_column width=&#8221;1\/2&#8243;][vc_single_image image=&#8221;16292&#8243; img_size=&#8221;full&#8221; alignment=&#8221;center&#8221; onclick=&#8221;link_image&#8221; qode_css_animation=&#8221;element_from_right&#8221; transition_delay=&#8221;0.6&#8243;][\/vc_column][\/vc_row][vc_row css_animation=&#8221;&#8221; row_type=&#8221;row&#8221; use_row_as_full_screen_section=&#8221;no&#8221; type=&#8221;full_width&#8221; angled_section=&#8221;no&#8221; text_align=&#8221;left&#8221; background_image_as_pattern=&#8221;without_pattern&#8221;][vc_column]<div class=\"call_to_action normal\" style=\"background-color: #fdbd52;padding-top: 57px;padding-bottom: 59px;\"><div class=\"container_inner\"><div class=\"two_columns_75_25 clearfix\"><div class=\"text_wrapper column1\"><div class=\"call_to_action_text  font_size_inherit font_weight_inherit\" style=\"font-size:25px;font-weight: 600;\"><span style=\"color: #292929\">Telli teenus v\u00f5i tee p\u00e4ring, leiame sobiva lahenduse alati!<\/span><\/div><\/div><div class=\"button_wrapper column2\"><a itemprop=\"url\" href=\"https:\/\/dynosaurus.ee\/broneeri\/\" class=\"qbutton white large\" target=\"\" style=\"color: #ffffff;border-color: #292929;background-color:#292929;\" data-hover-background-color=#ffffff data-hover-border-color=#ffffff data-hover-color=#292929>BRONEERI<\/a><\/div><\/div><\/div><\/div>[\/vc_column][\/vc_row][vc_row css_animation=&#8221;&#8221; row_type=&#8221;row&#8221; use_row_as_full_screen_section=&#8221;no&#8221; type=&#8221;full_width&#8221; angled_section=&#8221;no&#8221; text_align=&#8221;left&#8221; background_image_as_pattern=&#8221;without_pattern&#8221; anchor=&#8221;contact&#8221; z_index=&#8221;&#8221;][vc_column width=&#8221;1\/2&#8243; css=&#8221;.vc_custom_1728316518659{background-color: #292929 !important;}&#8221;][vc_column_text]<\/p>\n<h2 style=\"text-align: center;\">Riisipere Dyno<\/h2>\n<p>[\/vc_column_text][vc_row_inner row_type=&#8221;row&#8221; type=&#8221;full_width&#8221; text_align=&#8221;center&#8221; css_animation=&#8221;&#8221; padding_top=&#8221;60&#8243; padding_bottom=&#8221;40&#8243;][vc_column_inner width=&#8221;1\/3&#8243; css=&#8221;.vc_custom_1728637120783{margin-bottom: 30px !important;}&#8221;]<div class='q_icon_with_title small circle center '><div class=\"icon_holder \" style=\"margin: 0px 0px 45px 0px; \"><span data-icon-type=\"circle\" class=\"qode_iwt_icon_holder fa-stack fa-2x  \" style=\"font-size: 40px;border-color: #ffffff;background-color: #ffffff\"><i class=\"qode_icon_font_awesome fa fa-map-marker qode_iwt_icon_element\" style=\"font-size: 30px;color: #292929\"><\/i><\/span><\/div><div class=\"icon_text_holder\" style=\"\"><div class=\"icon_text_inner\" style=\"\"><h5 class=\"icon_title\" style=\"color: #ffffff;\">Aadress<\/h5><p style='color: #ffffff'><\/p><\/div><\/div><\/div>[vc_column_text]Nissi tee 81, Riisipere[\/vc_column_text][\/vc_column_inner][vc_column_inner width=&#8221;1\/3&#8243; css=&#8221;.vc_custom_1728637124398{margin-bottom: 30px !important;}&#8221;]<div class='q_icon_with_title small circle center '><div class=\"icon_holder \" style=\"margin: 0px 0px 45px 0px; \"><span data-icon-type=\"circle\" class=\"qode_iwt_icon_holder fa-stack fa-2x  \" style=\"font-size: 40px;border-color: #ffffff;background-color: #ffffff\"><i class=\"qode_icon_font_awesome fa fa-phone qode_iwt_icon_element\" style=\"font-size: 30px;color: #292929\"><\/i><\/span><\/div><div class=\"icon_text_holder\" style=\"\"><div class=\"icon_text_inner\" style=\"\"><h5 class=\"icon_title\" style=\"color: #ffffff;\">Telefon<\/h5><p style='color: #ffffff'><\/p><\/div><\/div><\/div>[vc_column_text]<a href=\"tel:+3725076851\">+372 5076851<\/a>[\/vc_column_text][\/vc_column_inner][vc_column_inner width=&#8221;1\/3&#8243; css=&#8221;.vc_custom_1728637128311{margin-bottom: 30px !important;}&#8221;]<div class='q_icon_with_title small circle center '><div class=\"icon_holder \" style=\"margin: 0px 0px 45px 0px; \"><span data-icon-type=\"circle\" class=\"qode_iwt_icon_holder fa-stack fa-2x  \" style=\"font-size: 40px;border-color: #ffffff;background-color: #ffffff\"><i class=\"qode_icon_font_awesome fa fa-envelope qode_iwt_icon_element\" style=\"font-size: 30px;color: #292929\"><\/i><\/span><\/div><div class=\"icon_text_holder\" style=\"\"><div class=\"icon_text_inner\" style=\"\"><h5 class=\"icon_title\" style=\"color: #ffffff;\">Maryon V\u00e4inola<\/h5><p style='color: #ffffff'><\/p><\/div><\/div><\/div>[vc_column_text]<a href=\"mailto:riisipere@dynosaurus.ee\">riisipere@dynosaurus.ee<\/a>[\/vc_column_text][\/vc_column_inner][\/vc_row_inner][vc_raw_html]JTNDaWZyYW1lJTIwc3JjJTNEJTIyaHR0cHMlM0ElMkYlMkZ3d3cuZ29vZ2xlLmNvbSUyRm1hcHMlMkZlbWJlZCUzRnBiJTNEJTIxMW0xOCUyMTFtMTIlMjExbTMlMjExZDIzOTMuMDIwMjAxODk0MTUxJTIxMmQyNC4zMjE3MzEzJTIxM2Q1OS4xMDEwNTAyJTIxMm0zJTIxMWYwJTIxMmYwJTIxM2YwJTIxM20yJTIxMWkxMDI0JTIxMmk3NjglMjE0ZjEzLjElMjEzbTMlMjExbTIlMjExczB4NDdhZGQ4ZWRjMTQ2ZWFjZCUyNTNBMHg2ZjFmMGE3MGNlMTYyMDg0JTIxMnNEeW5vU2F1cnVzJTI1MjBSaWlzaXBlcmUlMjE1ZTElMjEzbTIlMjExc2V0JTIxMnNlZSUyMTR2MTcyODMxNTE1MzE4NSUyMTVtMiUyMTFzZXQlMjEyc2VlJTIyJTIwd2lkdGglM0QlMjIxMDAlMjUlMjIlMjBoZWlnaHQlM0QlMjI0MDAlMjIlMjBzdHlsZSUzRCUyMmJvcmRlciUzQTAlM0IlMjIlMjBhbGxvd2Z1bGxzY3JlZW4lM0QlMjIlMjIlMjBsb2FkaW5nJTNEJTIybGF6eSUyMiUyMHJlZmVycmVycG9saWN5JTNEJTIybm8tcmVmZXJyZXItd2hlbi1kb3duZ3JhZGUlMjIlM0UlM0MlMkZpZnJhbWUlM0U=[\/vc_raw_html][\/vc_column][vc_column width=&#8221;1\/2&#8243; css=&#8221;.vc_custom_1728317012944{background-color: #4c4c4c !important;}&#8221;][vc_column_text]<\/p>\n<h2 style=\"text-align: center;\">Tartu Dyno<\/h2>\n<p>[\/vc_column_text][vc_row_inner row_type=&#8221;row&#8221; type=&#8221;full_width&#8221; text_align=&#8221;center&#8221; css_animation=&#8221;&#8221; padding_top=&#8221;60&#8243; padding_bottom=&#8221;40&#8243;][vc_column_inner width=&#8221;1\/3&#8243; css=&#8221;.vc_custom_1728637131879{margin-bottom: 30px !important;}&#8221;]<div class='q_icon_with_title small circle center '><div class=\"icon_holder \" style=\"margin: 0px 0px 45px 0px; \"><span data-icon-type=\"circle\" class=\"qode_iwt_icon_holder fa-stack fa-2x  \" style=\"font-size: 40px;border-color: #ffffff;background-color: #ffffff\"><i class=\"qode_icon_font_awesome fa fa-map-marker qode_iwt_icon_element\" style=\"font-size: 30px;color: #292929\"><\/i><\/span><\/div><div class=\"icon_text_holder\" style=\"\"><div class=\"icon_text_inner\" style=\"\"><h5 class=\"icon_title\" style=\"color: #ffffff;\">Aadress<\/h5><p style='color: #ffffff'><\/p><\/div><\/div><\/div>[vc_column_text]Liivaku, V\u00f5ibla[\/vc_column_text][\/vc_column_inner][vc_column_inner width=&#8221;1\/3&#8243; css=&#8221;.vc_custom_1728637135656{margin-bottom: 30px !important;}&#8221;]<div class='q_icon_with_title small circle center '><div class=\"icon_holder \" style=\"margin: 0px 0px 45px 0px; \"><span data-icon-type=\"circle\" class=\"qode_iwt_icon_holder fa-stack fa-2x  \" style=\"font-size: 40px;border-color: #ffffff;background-color: #ffffff\"><i class=\"qode_icon_font_awesome fa fa-phone qode_iwt_icon_element\" style=\"font-size: 30px;color: #292929\"><\/i><\/span><\/div><div class=\"icon_text_holder\" style=\"\"><div class=\"icon_text_inner\" style=\"\"><h5 class=\"icon_title\" style=\"color: #ffffff;\">Telefon<\/h5><p style='color: #ffffff'><\/p><\/div><\/div><\/div>[vc_column_text]<a href=\"tel:+37255592369\">+372 55592369<\/a>[\/vc_column_text][\/vc_column_inner][vc_column_inner width=&#8221;1\/3&#8243; css=&#8221;.vc_custom_1728637139631{margin-bottom: 30px !important;}&#8221;]<div class='q_icon_with_title small circle center '><div class=\"icon_holder \" style=\"margin: 0px 0px 45px 0px; \"><span data-icon-type=\"circle\" class=\"qode_iwt_icon_holder fa-stack fa-2x  \" style=\"font-size: 40px;border-color: #ffffff;background-color: #ffffff\"><i class=\"qode_icon_font_awesome fa fa-envelope qode_iwt_icon_element\" style=\"font-size: 30px;color: #292929\"><\/i><\/span><\/div><div class=\"icon_text_holder\" style=\"\"><div class=\"icon_text_inner\" style=\"\"><h5 class=\"icon_title\" style=\"color: #ffffff;\">Martin Vago<\/h5><p style='color: #ffffff'><\/p><\/div><\/div><\/div>[vc_column_text]<a href=\"mailto:tartu@dynosaurus.ee\">tartu@dynosaurus.ee<\/a>[\/vc_column_text][\/vc_column_inner][\/vc_row_inner][vc_raw_html]JTNDaWZyYW1lJTIwc3JjJTNEJTIyaHR0cHMlM0ElMkYlMkZ3d3cuZ29vZ2xlLmNvbSUyRm1hcHMlMkZlbWJlZCUzRnBiJTNEJTIxMW0xOCUyMTFtMTIlMjExbTMlMjExZDI0MzcuMTcwODMwNDgxNzkyJTIxMmQyNi42NjA0NzI2JTIxM2Q1OC40NjYzMDIyOTk5OTk5OSUyMTJtMyUyMTFmMCUyMTJmMCUyMTNmMCUyMTNtMiUyMTFpMTAyNCUyMTJpNzY4JTIxNGYxMy4xJTIxM20zJTIxMW0yJTIxMXMweDQ2ZWI0YjAwNzYxMTQ1MWIlMjUzQTB4MmIzMzdhN2FlMzE3N2JlOCUyMTJzS2FhZ2klMjUyMGR5bm8lMjE1ZTElMjEzbTIlMjExc2V0JTIxMnNlZSUyMTR2MTcyODMxNTIxMjc5MiUyMTVtMiUyMTFzZXQlMjEyc2VlJTIyJTIwd2lkdGglM0QlMjIxMDAlMjUlMjIlMjBoZWlnaHQlM0QlMjI0MDAlMjIlMjBzdHlsZSUzRCUyMmJvcmRlciUzQTAlM0IlMjIlMjBhbGxvd2Z1bGxzY3JlZW4lM0QlMjIlMjIlMjBsb2FkaW5nJTNEJTIybGF6eSUyMiUyMHJlZmVycmVycG9saWN5JTNEJTIybm8tcmVmZXJyZXItd2hlbi1kb3duZ3JhZGUlMjIlM0UlM0MlMkZpZnJhbWUlM0U=[\/vc_raw_html][\/vc_column][\/vc_row]<\/p>\n<\/div>","protected":false},"excerpt":{"rendered":"<p>[vc_row css_animation=&#8221;&#8221; row_type=&#8221;row&#8221; use_row_as_full_screen_section=&#8221;no&#8221; type=&#8221;grid&#8221; angled_section=&#8221;no&#8221; text_align=&#8221;left&#8221; background_image_as_pattern=&#8221;without_pattern&#8221; background_color=&#8221;#1e1e1e&#8221; padding_top=&#8221;104&#8243; padding_bottom=&#8221;65&#8243;][vc_column width=&#8221;1\/2&#8243;][vc_single_image image=&#8221;16289&#8243; img_size=&#8221;full&#8221; alignment=&#8221;center&#8221; onclick=&#8221;link_image&#8221; qode_css_animation=&#8221;element_from_left&#8221; transition_delay=&#8221;0.3&#8243;][\/vc_column][vc_column width=&#8221;1\/2&#8243;][vc_separator type=&#8221;transparent&#8221; up=&#8221;32&#8243; down=&#8221;0&#8243;][vc_column_text] J\u00f5u&#8230;<\/p>\n","protected":false},"author":1,"featured_media":0,"parent":0,"menu_order":0,"comment_status":"open","ping_status":"open","template":"full_width.php","meta":{"footnotes":""},"class_list":["post-15324","page","type-page","status-publish","hentry"],"yoast_head":"<!-- This site is optimized with the Yoast SEO plugin v23.6 - https:\/\/yoast.com\/wordpress\/plugins\/seo\/ -->\n<title>Hinnakiri | DynoSaurus<\/title>\n<meta name=\"robots\" content=\"index, follow, max-snippet:-1, max-image-preview:large, max-video-preview:-1\" \/>\n<link rel=\"canonical\" href=\"https:\/\/dynosaurus.ee\/en\/hinnakiri\/\" \/>\n<meta property=\"og:locale\" content=\"en_US\" \/>\n<meta property=\"og:type\" content=\"article\" \/>\n<meta property=\"og:title\" content=\"Hinnakiri | DynoSaurus\" \/>\n<meta property=\"og:description\" content=\"[vc_row css_animation=&#8221;&#8221; row_type=&#8221;row&#8221; use_row_as_full_screen_section=&#8221;no&#8221; type=&#8221;grid&#8221; angled_section=&#8221;no&#8221; text_align=&#8221;left&#8221; background_image_as_pattern=&#8221;without_pattern&#8221; background_color=&#8221;#1e1e1e&#8221; padding_top=&#8221;104&#8243; padding_bottom=&#8221;65&#8243;][vc_column width=&#8221;1\/2&#8243;][vc_single_image image=&#8221;16289&#8243; img_size=&#8221;full&#8221; alignment=&#8221;center&#8221; onclick=&#8221;link_image&#8221; qode_css_animation=&#8221;element_from_left&#8221; transition_delay=&#8221;0.3&#8243;][\/vc_column][vc_column width=&#8221;1\/2&#8243;][vc_separator type=&#8221;transparent&#8221; up=&#8221;32&#8243; down=&#8221;0&#8243;][vc_column_text] J\u00f5u...\" \/>\n<meta property=\"og:url\" content=\"https:\/\/dynosaurus.ee\/en\/hinnakiri\/\" \/>\n<meta property=\"og:site_name\" content=\"DynoSaurus\" \/>\n<meta property=\"article:modified_time\" content=\"2024-10-13T09:20:49+00:00\" \/>\n<meta name=\"twitter:card\" content=\"summary_large_image\" \/>\n<meta name=\"twitter:label1\" content=\"Est. reading time\" \/>\n\t<meta name=\"twitter:data1\" content=\"3 minutes\" \/>\n<script type=\"application\/ld+json\" class=\"yoast-schema-graph\">{\"@context\":\"https:\/\/schema.org\",\"@graph\":[{\"@type\":\"WebPage\",\"@id\":\"https:\/\/dynosaurus.ee\/en\/hinnakiri\/\",\"url\":\"https:\/\/dynosaurus.ee\/en\/hinnakiri\/\",\"name\":\"Hinnakiri | DynoSaurus\",\"isPartOf\":{\"@id\":\"https:\/\/dynosaurus.ee\/en\/#website\"},\"datePublished\":\"2024-10-06T04:19:52+00:00\",\"dateModified\":\"2024-10-13T09:20:49+00:00\",\"breadcrumb\":{\"@id\":\"https:\/\/dynosaurus.ee\/en\/hinnakiri\/#breadcrumb\"},\"inLanguage\":\"en-US\",\"potentialAction\":[{\"@type\":\"ReadAction\",\"target\":[[\"https:\/\/dynosaurus.ee\/en\/hinnakiri\/\"]]}]},{\"@type\":\"BreadcrumbList\",\"@id\":\"https:\/\/dynosaurus.ee\/en\/hinnakiri\/#breadcrumb\",\"itemListElement\":[{\"@type\":\"ListItem\",\"position\":1,\"name\":\"Home\",\"item\":\"https:\/\/dynosaurus.ee\/en\/\"},{\"@type\":\"ListItem\",\"position\":2,\"name\":\"Hinnakiri\"}]},{\"@type\":\"WebSite\",\"@id\":\"https:\/\/dynosaurus.ee\/en\/#website\",\"url\":\"https:\/\/dynosaurus.ee\/en\/\",\"name\":\"DynoSaurus\",\"description\":\"\",\"publisher\":{\"@id\":\"https:\/\/dynosaurus.ee\/en\/#organization\"},\"potentialAction\":[{\"@type\":\"SearchAction\",\"target\":{\"@type\":\"EntryPoint\",\"urlTemplate\":\"https:\/\/dynosaurus.ee\/en\/?s={search_term_string}\"},\"query-input\":{\"@type\":\"PropertyValueSpecification\",\"valueRequired\":true,\"valueName\":\"search_term_string\"}}],\"inLanguage\":\"en-US\"},{\"@type\":\"Organization\",\"@id\":\"https:\/\/dynosaurus.ee\/en\/#organization\",\"name\":\"DynoSaurus\",\"url\":\"https:\/\/dynosaurus.ee\/en\/\",\"logo\":{\"@type\":\"ImageObject\",\"inLanguage\":\"en-US\",\"@id\":\"https:\/\/dynosaurus.ee\/en\/#\/schema\/logo\/image\/\",\"url\":\"https:\/\/dynosaurus.ee\/wp-content\/uploads\/2024\/10\/462539089_557322830128667_3786867041825376024_n.png\",\"contentUrl\":\"https:\/\/dynosaurus.ee\/wp-content\/uploads\/2024\/10\/462539089_557322830128667_3786867041825376024_n.png\",\"width\":2048,\"height\":1449,\"caption\":\"DynoSaurus\"},\"image\":{\"@id\":\"https:\/\/dynosaurus.ee\/en\/#\/schema\/logo\/image\/\"}}]}<\/script>\n<!-- \/ Yoast SEO plugin. -->","yoast_head_json":{"title":"Hinnakiri | DynoSaurus","robots":{"index":"index","follow":"follow","max-snippet":"max-snippet:-1","max-image-preview":"max-image-preview:large","max-video-preview":"max-video-preview:-1"},"canonical":"https:\/\/dynosaurus.ee\/en\/hinnakiri\/","og_locale":"en_US","og_type":"article","og_title":"Hinnakiri | DynoSaurus","og_description":"[vc_row css_animation=&#8221;&#8221; row_type=&#8221;row&#8221; use_row_as_full_screen_section=&#8221;no&#8221; type=&#8221;grid&#8221; angled_section=&#8221;no&#8221; text_align=&#8221;left&#8221; background_image_as_pattern=&#8221;without_pattern&#8221; background_color=&#8221;#1e1e1e&#8221; padding_top=&#8221;104&#8243; padding_bottom=&#8221;65&#8243;][vc_column width=&#8221;1\/2&#8243;][vc_single_image image=&#8221;16289&#8243; img_size=&#8221;full&#8221; alignment=&#8221;center&#8221; onclick=&#8221;link_image&#8221; qode_css_animation=&#8221;element_from_left&#8221; transition_delay=&#8221;0.3&#8243;][\/vc_column][vc_column width=&#8221;1\/2&#8243;][vc_separator type=&#8221;transparent&#8221; up=&#8221;32&#8243; down=&#8221;0&#8243;][vc_column_text] J\u00f5u...","og_url":"https:\/\/dynosaurus.ee\/en\/hinnakiri\/","og_site_name":"DynoSaurus","article_modified_time":"2024-10-13T09:20:49+00:00","twitter_card":"summary_large_image","twitter_misc":{"Est. reading time":"3 minutes"},"schema":{"@context":"https:\/\/schema.org","@graph":[{"@type":"WebPage","@id":"https:\/\/dynosaurus.ee\/en\/hinnakiri\/","url":"https:\/\/dynosaurus.ee\/en\/hinnakiri\/","name":"Hinnakiri | DynoSaurus","isPartOf":{"@id":"https:\/\/dynosaurus.ee\/en\/#website"},"datePublished":"2024-10-06T04:19:52+00:00","dateModified":"2024-10-13T09:20:49+00:00","breadcrumb":{"@id":"https:\/\/dynosaurus.ee\/en\/hinnakiri\/#breadcrumb"},"inLanguage":"en-US","potentialAction":[{"@type":"ReadAction","target":[["https:\/\/dynosaurus.ee\/en\/hinnakiri\/"]]}]},{"@type":"BreadcrumbList","@id":"https:\/\/dynosaurus.ee\/en\/hinnakiri\/#breadcrumb","itemListElement":[{"@type":"ListItem","position":1,"name":"Home","item":"https:\/\/dynosaurus.ee\/en\/"},{"@type":"ListItem","position":2,"name":"Hinnakiri"}]},{"@type":"WebSite","@id":"https:\/\/dynosaurus.ee\/en\/#website","url":"https:\/\/dynosaurus.ee\/en\/","name":"DynoSaurus","description":"","publisher":{"@id":"https:\/\/dynosaurus.ee\/en\/#organization"},"potentialAction":[{"@type":"SearchAction","target":{"@type":"EntryPoint","urlTemplate":"https:\/\/dynosaurus.ee\/en\/?s={search_term_string}"},"query-input":{"@type":"PropertyValueSpecification","valueRequired":true,"valueName":"search_term_string"}}],"inLanguage":"en-US"},{"@type":"Organization","@id":"https:\/\/dynosaurus.ee\/en\/#organization","name":"DynoSaurus","url":"https:\/\/dynosaurus.ee\/en\/","logo":{"@type":"ImageObject","inLanguage":"en-US","@id":"https:\/\/dynosaurus.ee\/en\/#\/schema\/logo\/image\/","url":"https:\/\/dynosaurus.ee\/wp-content\/uploads\/2024\/10\/462539089_557322830128667_3786867041825376024_n.png","contentUrl":"https:\/\/dynosaurus.ee\/wp-content\/uploads\/2024\/10\/462539089_557322830128667_3786867041825376024_n.png","width":2048,"height":1449,"caption":"DynoSaurus"},"image":{"@id":"https:\/\/dynosaurus.ee\/en\/#\/schema\/logo\/image\/"}}]}},"_links":{"self":[{"href":"https:\/\/dynosaurus.ee\/en\/wp-json\/wp\/v2\/pages\/15324","targetHints":{"allow":["GET"]}}],"collection":[{"href":"https:\/\/dynosaurus.ee\/en\/wp-json\/wp\/v2\/pages"}],"about":[{"href":"https:\/\/dynosaurus.ee\/en\/wp-json\/wp\/v2\/types\/page"}],"author":[{"embeddable":true,"href":"https:\/\/dynosaurus.ee\/en\/wp-json\/wp\/v2\/users\/1"}],"replies":[{"embeddable":true,"href":"https:\/\/dynosaurus.ee\/en\/wp-json\/wp\/v2\/comments?post=15324"}],"version-history":[{"count":22,"href":"https:\/\/dynosaurus.ee\/en\/wp-json\/wp\/v2\/pages\/15324\/revisions"}],"predecessor-version":[{"id":16408,"href":"https:\/\/dynosaurus.ee\/en\/wp-json\/wp\/v2\/pages\/15324\/revisions\/16408"}],"wp:attachment":[{"href":"https:\/\/dynosaurus.ee\/en\/wp-json\/wp\/v2\/media?parent=15324"}],"curies":[{"name":"wp","href":"https:\/\/api.w.org\/{rel}","templated":true}]}}