{"id":16251,"date":"2024-10-07T19:26:31","date_gmt":"2024-10-07T16:26:31","guid":{"rendered":"https:\/\/dynosaurus.ee\/?page_id=16251"},"modified":"2024-10-11T11:57:45","modified_gmt":"2024-10-11T08:57:45","slug":"broneeri","status":"publish","type":"page","link":"https:\/\/dynosaurus.ee\/en\/broneeri\/","title":{"rendered":"Broneeri"},"content":{"rendered":"<div class=\"wpb-content-wrapper\"><p>[vc_row css_animation=&#8221;&#8221; row_type=&#8221;row&#8221; use_row_as_full_screen_section=&#8221;no&#8221; type=&#8221;grid&#8221; angled_section=&#8221;no&#8221; text_align=&#8221;left&#8221; background_image_as_pattern=&#8221;without_pattern&#8221; z_index=&#8221;&#8221; padding_top=&#8221;80&#8243; padding_bottom=&#8221;80&#8243; css=&#8221;.vc_custom_1728320266511{border-bottom-width: 1px !important;border-bottom-color: #898989 !important;border-bottom-style: solid !important;}&#8221;][vc_column width=&#8221;1\/4&#8243;][\/vc_column][vc_column width=&#8221;1\/2&#8243;]\n<div class=\"wpcf7 no-js\" id=\"wpcf7-f16395-o1\" lang=\"en-US\" dir=\"ltr\">\n<div class=\"screen-reader-response\"><p role=\"status\" aria-live=\"polite\" aria-atomic=\"true\"><\/p> <ul><\/ul><\/div>\n<form action=\"\/en\/wp-json\/wp\/v2\/pages\/16251#wpcf7-f16395-o1\" method=\"post\" class=\"wpcf7-form init cf7_custom_style_1\" aria-label=\"Contact form\" novalidate=\"novalidate\" data-status=\"init\">\n<div style=\"display: none;\">\n<input type=\"hidden\" name=\"_wpcf7\" value=\"16395\" \/>\n<input type=\"hidden\" name=\"_wpcf7_version\" value=\"5.9.8\" \/>\n<input type=\"hidden\" name=\"_wpcf7_locale\" value=\"en_US\" \/>\n<input type=\"hidden\" name=\"_wpcf7_unit_tag\" value=\"wpcf7-f16395-o1\" \/>\n<input type=\"hidden\" name=\"_wpcf7_container_post\" value=\"0\" \/>\n<input type=\"hidden\" name=\"_wpcf7_posted_data_hash\" value=\"\" \/>\n<\/div>\n<p>Teema*<br \/>\n<span class=\"wpcf7-form-control-wrap\" data-name=\"menu-778\"><select class=\"wpcf7-form-control wpcf7-select wpcf7-validates-as-required\" aria-required=\"true\" aria-invalid=\"false\" name=\"menu-778\"><option value=\"\">&#8212;Please choose an option&#8212;<\/option><option value=\"Soovin rentida v\u00f5i j\u00f5u m\u00f5\u00f5tmist teha\">Soovin rentida v\u00f5i j\u00f5u m\u00f5\u00f5tmist teha<\/option><option value=\"Soovin seadistuse teenust\">Soovin seadistuse teenust<\/option><option value=\"Muu\">Muu<\/option><\/select><\/span>\n<\/p>\n<p>D\u00fcno asukoht*<br \/>\n<span class=\"wpcf7-form-control-wrap\" data-name=\"menu-506\"><select class=\"wpcf7-form-control wpcf7-select wpcf7-validates-as-required\" aria-required=\"true\" aria-invalid=\"false\" name=\"menu-506\"><option value=\"\">&#8212;Please choose an option&#8212;<\/option><option value=\"Riisipere\">Riisipere<\/option><option value=\"Tartu\">Tartu<\/option><option value=\"Pole oluline\">Pole oluline<\/option><\/select><\/span>\n<\/p>\n<p>Your name*<br \/>\n<span class=\"wpcf7-form-control-wrap\" data-name=\"your-name\"><input size=\"40\" maxlength=\"400\" class=\"wpcf7-form-control wpcf7-text wpcf7-validates-as-required\" autocomplete=\"name\" aria-required=\"true\" aria-invalid=\"false\" value=\"\" type=\"text\" name=\"your-name\" \/><\/span>\n<\/p>\n<p>Your email*<br \/>\n<span class=\"wpcf7-form-control-wrap\" data-name=\"your-email\"><input size=\"40\" maxlength=\"400\" class=\"wpcf7-form-control wpcf7-email wpcf7-validates-as-required wpcf7-text wpcf7-validates-as-email\" autocomplete=\"email\" aria-required=\"true\" aria-invalid=\"false\" value=\"\" type=\"email\" name=\"your-email\" \/><\/span>\n<\/p>\n<p>Kirjelda oma soovi pikemalt lahti kui v\u00f5imalik, seadistuse teenuse korral kirjelda auto specsheet*<br \/>\n<span class=\"wpcf7-form-control-wrap\" data-name=\"your-message\"><textarea cols=\"40\" rows=\"10\" maxlength=\"2000\" class=\"wpcf7-form-control wpcf7-textarea wpcf7-validates-as-required\" aria-required=\"true\" aria-invalid=\"false\" name=\"your-message\"><\/textarea><\/span>\n<\/p>\n<p><input class=\"wpcf7-form-control wpcf7-submit has-spinner\" type=\"submit\" value=\"Send\" \/>\n<\/p><div class=\"wpcf7-response-output\" aria-hidden=\"true\"><\/div>\n<\/form>\n<\/div>\n[\/vc_column][vc_column width=&#8221;1\/4&#8243;][\/vc_column][\/vc_row][vc_row css_animation=&#8221;&#8221; row_type=&#8221;row&#8221; use_row_as_full_screen_section=&#8221;no&#8221; type=&#8221;full_width&#8221; angled_section=&#8221;no&#8221; text_align=&#8221;left&#8221; background_image_as_pattern=&#8221;without_pattern&#8221; anchor=&#8221;contact&#8221; z_index=&#8221;&#8221;][vc_column width=&#8221;1\/2&#8243; css=&#8221;.vc_custom_1728316518659{background-color: #292929 !important;}&#8221;][vc_column_text]<\/p>\n<h2 style=\"text-align: center;\">Riisipere Dyno<\/h2>\n<p>[\/vc_column_text][vc_row_inner row_type=&#8221;row&#8221; type=&#8221;full_width&#8221; text_align=&#8221;center&#8221; css_animation=&#8221;&#8221; padding_top=&#8221;60&#8243; padding_bottom=&#8221;40&#8243;][vc_column_inner width=&#8221;1\/3&#8243; css=&#8221;.vc_custom_1728637034974{margin-bottom: 30px !important;}&#8221;]<div class='q_icon_with_title small circle center '><div class=\"icon_holder \" style=\"margin: 0px 0px 45px 0px; \"><span data-icon-type=\"circle\" class=\"qode_iwt_icon_holder fa-stack fa-2x  \" style=\"font-size: 40px;border-color: #ffffff;background-color: #ffffff\"><i class=\"qode_icon_font_awesome fa fa-map-marker qode_iwt_icon_element\" style=\"font-size: 30px;color: #292929\"><\/i><\/span><\/div><div class=\"icon_text_holder\" style=\"\"><div class=\"icon_text_inner\" style=\"\"><h5 class=\"icon_title\" style=\"color: #ffffff;\">Aadress<\/h5><p style='color: #ffffff'><\/p><\/div><\/div><\/div>[vc_column_text]Nissi tee 81, Riisipere[\/vc_column_text][\/vc_column_inner][vc_column_inner width=&#8221;1\/3&#8243; css=&#8221;.vc_custom_1728637038567{margin-bottom: 30px !important;}&#8221;]<div class='q_icon_with_title small circle center '><div class=\"icon_holder \" style=\"margin: 0px 0px 45px 0px; \"><span data-icon-type=\"circle\" class=\"qode_iwt_icon_holder fa-stack fa-2x  \" style=\"font-size: 40px;border-color: #ffffff;background-color: #ffffff\"><i class=\"qode_icon_font_awesome fa fa-phone qode_iwt_icon_element\" style=\"font-size: 30px;color: #292929\"><\/i><\/span><\/div><div class=\"icon_text_holder\" style=\"\"><div class=\"icon_text_inner\" style=\"\"><h5 class=\"icon_title\" style=\"color: #ffffff;\">Telefon<\/h5><p style='color: #ffffff'><\/p><\/div><\/div><\/div>[vc_column_text]<a href=\"tel:+3725076851\">+372 5076851<\/a>[\/vc_column_text][\/vc_column_inner][vc_column_inner width=&#8221;1\/3&#8243; css=&#8221;.vc_custom_1728637042183{margin-bottom: 30px !important;}&#8221;]<div class='q_icon_with_title small circle center '><div class=\"icon_holder \" style=\"margin: 0px 0px 45px 0px; \"><span data-icon-type=\"circle\" class=\"qode_iwt_icon_holder fa-stack fa-2x  \" style=\"font-size: 40px;border-color: #ffffff;background-color: #ffffff\"><i class=\"qode_icon_font_awesome fa fa-envelope qode_iwt_icon_element\" style=\"font-size: 30px;color: #292929\"><\/i><\/span><\/div><div class=\"icon_text_holder\" style=\"\"><div class=\"icon_text_inner\" style=\"\"><h5 class=\"icon_title\" style=\"color: #ffffff;\">Maryon V\u00e4inola<\/h5><p style='color: #ffffff'><\/p><\/div><\/div><\/div>[vc_column_text]<a href=\"mailto:riisipere@dynosaurus.ee\">riisipere@dynosaurus.ee<\/a>[\/vc_column_text][\/vc_column_inner][\/vc_row_inner][vc_raw_html]JTNDaWZyYW1lJTIwc3JjJTNEJTIyaHR0cHMlM0ElMkYlMkZ3d3cuZ29vZ2xlLmNvbSUyRm1hcHMlMkZlbWJlZCUzRnBiJTNEJTIxMW0xOCUyMTFtMTIlMjExbTMlMjExZDIzOTMuMDIwMjAxODk0MTUxJTIxMmQyNC4zMjE3MzEzJTIxM2Q1OS4xMDEwNTAyJTIxMm0zJTIxMWYwJTIxMmYwJTIxM2YwJTIxM20yJTIxMWkxMDI0JTIxMmk3NjglMjE0ZjEzLjElMjEzbTMlMjExbTIlMjExczB4NDdhZGQ4ZWRjMTQ2ZWFjZCUyNTNBMHg2ZjFmMGE3MGNlMTYyMDg0JTIxMnNEeW5vU2F1cnVzJTI1MjBSaWlzaXBlcmUlMjE1ZTElMjEzbTIlMjExc2V0JTIxMnNlZSUyMTR2MTcyODMxNTE1MzE4NSUyMTVtMiUyMTFzZXQlMjEyc2VlJTIyJTIwd2lkdGglM0QlMjIxMDAlMjUlMjIlMjBoZWlnaHQlM0QlMjI0MDAlMjIlMjBzdHlsZSUzRCUyMmJvcmRlciUzQTAlM0IlMjIlMjBhbGxvd2Z1bGxzY3JlZW4lM0QlMjIlMjIlMjBsb2FkaW5nJTNEJTIybGF6eSUyMiUyMHJlZmVycmVycG9saWN5JTNEJTIybm8tcmVmZXJyZXItd2hlbi1kb3duZ3JhZGUlMjIlM0UlM0MlMkZpZnJhbWUlM0U=[\/vc_raw_html][\/vc_column][vc_column width=&#8221;1\/2&#8243; css=&#8221;.vc_custom_1728317012944{background-color: #4c4c4c !important;}&#8221;][vc_column_text]<\/p>\n<h2 style=\"text-align: center;\">Tartu Dyno<\/h2>\n<p>[\/vc_column_text][vc_row_inner row_type=&#8221;row&#8221; type=&#8221;full_width&#8221; text_align=&#8221;center&#8221; css_animation=&#8221;&#8221; padding_top=&#8221;60&#8243; padding_bottom=&#8221;40&#8243;][vc_column_inner width=&#8221;1\/3&#8243; css=&#8221;.vc_custom_1728637060048{margin-bottom: 30px !important;}&#8221;]<div class='q_icon_with_title small circle center '><div class=\"icon_holder \" style=\"margin: 0px 0px 45px 0px; \"><span data-icon-type=\"circle\" class=\"qode_iwt_icon_holder fa-stack fa-2x  \" style=\"font-size: 40px;border-color: #ffffff;background-color: #ffffff\"><i class=\"qode_icon_font_awesome fa fa-map-marker qode_iwt_icon_element\" style=\"font-size: 30px;color: #292929\"><\/i><\/span><\/div><div class=\"icon_text_holder\" style=\"\"><div class=\"icon_text_inner\" style=\"\"><h5 class=\"icon_title\" style=\"color: #ffffff;\">Aadress<\/h5><p style='color: #ffffff'><\/p><\/div><\/div><\/div>[vc_column_text]Liivaku, V\u00f5ibla[\/vc_column_text][\/vc_column_inner][vc_column_inner width=&#8221;1\/3&#8243; css=&#8221;.vc_custom_1728637056991{margin-bottom: 30px !important;}&#8221;]<div class='q_icon_with_title small circle center '><div class=\"icon_holder \" style=\"margin: 0px 0px 45px 0px; \"><span data-icon-type=\"circle\" class=\"qode_iwt_icon_holder fa-stack fa-2x  \" style=\"font-size: 40px;border-color: #ffffff;background-color: #ffffff\"><i class=\"qode_icon_font_awesome fa fa-phone qode_iwt_icon_element\" style=\"font-size: 30px;color: #292929\"><\/i><\/span><\/div><div class=\"icon_text_holder\" style=\"\"><div class=\"icon_text_inner\" style=\"\"><h5 class=\"icon_title\" style=\"color: #ffffff;\">Telefon<\/h5><p style='color: #ffffff'><\/p><\/div><\/div><\/div>[vc_column_text]<a href=\"tel:+37255592369\">+372 55592369<\/a>[\/vc_column_text][\/vc_column_inner][vc_column_inner width=&#8221;1\/3&#8243; css=&#8221;.vc_custom_1728637054191{margin-bottom: 30px !important;}&#8221;]<div class='q_icon_with_title small circle center '><div class=\"icon_holder \" style=\"margin: 0px 0px 45px 0px; \"><span data-icon-type=\"circle\" class=\"qode_iwt_icon_holder fa-stack fa-2x  \" style=\"font-size: 40px;border-color: #ffffff;background-color: #ffffff\"><i class=\"qode_icon_font_awesome fa fa-envelope qode_iwt_icon_element\" style=\"font-size: 30px;color: #292929\"><\/i><\/span><\/div><div class=\"icon_text_holder\" style=\"\"><div class=\"icon_text_inner\" style=\"\"><h5 class=\"icon_title\" style=\"color: #ffffff;\">Martin Vago<\/h5><p style='color: #ffffff'><\/p><\/div><\/div><\/div>[vc_column_text]<a href=\"mailto:tartu@dynosaurus.ee\">tartu@dynosaurus.ee<\/a>[\/vc_column_text][\/vc_column_inner][\/vc_row_inner][vc_raw_html]JTNDaWZyYW1lJTIwc3JjJTNEJTIyaHR0cHMlM0ElMkYlMkZ3d3cuZ29vZ2xlLmNvbSUyRm1hcHMlMkZlbWJlZCUzRnBiJTNEJTIxMW0xOCUyMTFtMTIlMjExbTMlMjExZDI0MzcuMTcwODMwNDgxNzkyJTIxMmQyNi42NjA0NzI2JTIxM2Q1OC40NjYzMDIyOTk5OTk5OSUyMTJtMyUyMTFmMCUyMTJmMCUyMTNmMCUyMTNtMiUyMTFpMTAyNCUyMTJpNzY4JTIxNGYxMy4xJTIxM20zJTIxMW0yJTIxMXMweDQ2ZWI0YjAwNzYxMTQ1MWIlMjUzQTB4MmIzMzdhN2FlMzE3N2JlOCUyMTJzS2FhZ2klMjUyMGR5bm8lMjE1ZTElMjEzbTIlMjExc2V0JTIxMnNlZSUyMTR2MTcyODMxNTIxMjc5MiUyMTVtMiUyMTFzZXQlMjEyc2VlJTIyJTIwd2lkdGglM0QlMjIxMDAlMjUlMjIlMjBoZWlnaHQlM0QlMjI0MDAlMjIlMjBzdHlsZSUzRCUyMmJvcmRlciUzQTAlM0IlMjIlMjBhbGxvd2Z1bGxzY3JlZW4lM0QlMjIlMjIlMjBsb2FkaW5nJTNEJTIybGF6eSUyMiUyMHJlZmVycmVycG9saWN5JTNEJTIybm8tcmVmZXJyZXItd2hlbi1kb3duZ3JhZGUlMjIlM0UlM0MlMkZpZnJhbWUlM0U=[\/vc_raw_html][\/vc_column][\/vc_row]<\/p>\n<\/div>","protected":false},"excerpt":{"rendered":"<p>[vc_row css_animation=&#8221;&#8221; row_type=&#8221;row&#8221; use_row_as_full_screen_section=&#8221;no&#8221; type=&#8221;grid&#8221; angled_section=&#8221;no&#8221; text_align=&#8221;left&#8221; background_image_as_pattern=&#8221;without_pattern&#8221; z_index=&#8221;&#8221; padding_top=&#8221;80&#8243; padding_bottom=&#8221;80&#8243; css=&#8221;.vc_custom_1728320266511{border-bottom-width: 1px !important;border-bottom-color: #898989 !important;border-bottom-style: solid !important;}&#8221;][vc_column width=&#8221;1\/4&#8243;][\/vc_column][vc_column width=&#8221;1\/2&#8243;][\/vc_column][vc_column width=&#8221;1\/4&#8243;][\/vc_column][\/vc_row][vc_row css_animation=&#8221;&#8221; row_type=&#8221;row&#8221;&#8230;<\/p>\n","protected":false},"author":1,"featured_media":0,"parent":0,"menu_order":0,"comment_status":"closed","ping_status":"closed","template":"full_width.php","meta":{"footnotes":""},"class_list":["post-16251","page","type-page","status-publish","hentry"],"yoast_head":"<!-- This site is optimized with the Yoast SEO plugin v23.6 - https:\/\/yoast.com\/wordpress\/plugins\/seo\/ -->\n<title>Broneeri | DynoSaurus<\/title>\n<meta name=\"robots\" content=\"index, follow, max-snippet:-1, max-image-preview:large, max-video-preview:-1\" \/>\n<link rel=\"canonical\" href=\"https:\/\/dynosaurus.ee\/en\/broneeri\/\" \/>\n<meta property=\"og:locale\" content=\"en_US\" \/>\n<meta property=\"og:type\" content=\"article\" \/>\n<meta property=\"og:title\" content=\"Broneeri | DynoSaurus\" \/>\n<meta property=\"og:description\" content=\"[vc_row css_animation=&#8221;&#8221; row_type=&#8221;row&#8221; use_row_as_full_screen_section=&#8221;no&#8221; type=&#8221;grid&#8221; angled_section=&#8221;no&#8221; text_align=&#8221;left&#8221; background_image_as_pattern=&#8221;without_pattern&#8221; z_index=&#8221;&#8221; padding_top=&#8221;80&#8243; padding_bottom=&#8221;80&#8243; css=&#8221;.vc_custom_1728320266511{border-bottom-width: 1px !important;border-bottom-color: #898989 !important;border-bottom-style: solid !important;}&#8221;][vc_column width=&#8221;1\/4&#8243;][\/vc_column][vc_column width=&#8221;1\/2&#8243;][\/vc_column][vc_column width=&#8221;1\/4&#8243;][\/vc_column][\/vc_row][vc_row css_animation=&#8221;&#8221; row_type=&#8221;row&#8221;...\" \/>\n<meta property=\"og:url\" content=\"https:\/\/dynosaurus.ee\/en\/broneeri\/\" \/>\n<meta property=\"og:site_name\" content=\"DynoSaurus\" \/>\n<meta property=\"article:modified_time\" content=\"2024-10-11T08:57:45+00:00\" \/>\n<meta name=\"twitter:card\" content=\"summary_large_image\" \/>\n<meta name=\"twitter:label1\" content=\"Est. reading time\" \/>\n\t<meta name=\"twitter:data1\" content=\"2 minutes\" \/>\n<script type=\"application\/ld+json\" class=\"yoast-schema-graph\">{\"@context\":\"https:\/\/schema.org\",\"@graph\":[{\"@type\":\"WebPage\",\"@id\":\"https:\/\/dynosaurus.ee\/en\/broneeri\/\",\"url\":\"https:\/\/dynosaurus.ee\/en\/broneeri\/\",\"name\":\"Broneeri | DynoSaurus\",\"isPartOf\":{\"@id\":\"https:\/\/dynosaurus.ee\/en\/#website\"},\"datePublished\":\"2024-10-07T16:26:31+00:00\",\"dateModified\":\"2024-10-11T08:57:45+00:00\",\"breadcrumb\":{\"@id\":\"https:\/\/dynosaurus.ee\/en\/broneeri\/#breadcrumb\"},\"inLanguage\":\"en-US\",\"potentialAction\":[{\"@type\":\"ReadAction\",\"target\":[[\"https:\/\/dynosaurus.ee\/en\/broneeri\/\"]]}]},{\"@type\":\"BreadcrumbList\",\"@id\":\"https:\/\/dynosaurus.ee\/en\/broneeri\/#breadcrumb\",\"itemListElement\":[{\"@type\":\"ListItem\",\"position\":1,\"name\":\"Home\",\"item\":\"https:\/\/dynosaurus.ee\/en\/\"},{\"@type\":\"ListItem\",\"position\":2,\"name\":\"Broneeri\"}]},{\"@type\":\"WebSite\",\"@id\":\"https:\/\/dynosaurus.ee\/en\/#website\",\"url\":\"https:\/\/dynosaurus.ee\/en\/\",\"name\":\"DynoSaurus\",\"description\":\"\",\"publisher\":{\"@id\":\"https:\/\/dynosaurus.ee\/en\/#organization\"},\"potentialAction\":[{\"@type\":\"SearchAction\",\"target\":{\"@type\":\"EntryPoint\",\"urlTemplate\":\"https:\/\/dynosaurus.ee\/en\/?s={search_term_string}\"},\"query-input\":{\"@type\":\"PropertyValueSpecification\",\"valueRequired\":true,\"valueName\":\"search_term_string\"}}],\"inLanguage\":\"en-US\"},{\"@type\":\"Organization\",\"@id\":\"https:\/\/dynosaurus.ee\/en\/#organization\",\"name\":\"DynoSaurus\",\"url\":\"https:\/\/dynosaurus.ee\/en\/\",\"logo\":{\"@type\":\"ImageObject\",\"inLanguage\":\"en-US\",\"@id\":\"https:\/\/dynosaurus.ee\/en\/#\/schema\/logo\/image\/\",\"url\":\"https:\/\/dynosaurus.ee\/wp-content\/uploads\/2024\/10\/462539089_557322830128667_3786867041825376024_n.png\",\"contentUrl\":\"https:\/\/dynosaurus.ee\/wp-content\/uploads\/2024\/10\/462539089_557322830128667_3786867041825376024_n.png\",\"width\":2048,\"height\":1449,\"caption\":\"DynoSaurus\"},\"image\":{\"@id\":\"https:\/\/dynosaurus.ee\/en\/#\/schema\/logo\/image\/\"}}]}<\/script>\n<!-- \/ Yoast SEO plugin. -->","yoast_head_json":{"title":"Broneeri | DynoSaurus","robots":{"index":"index","follow":"follow","max-snippet":"max-snippet:-1","max-image-preview":"max-image-preview:large","max-video-preview":"max-video-preview:-1"},"canonical":"https:\/\/dynosaurus.ee\/en\/broneeri\/","og_locale":"en_US","og_type":"article","og_title":"Broneeri | DynoSaurus","og_description":"[vc_row css_animation=&#8221;&#8221; row_type=&#8221;row&#8221; use_row_as_full_screen_section=&#8221;no&#8221; type=&#8221;grid&#8221; angled_section=&#8221;no&#8221; text_align=&#8221;left&#8221; background_image_as_pattern=&#8221;without_pattern&#8221; z_index=&#8221;&#8221; padding_top=&#8221;80&#8243; padding_bottom=&#8221;80&#8243; css=&#8221;.vc_custom_1728320266511{border-bottom-width: 1px !important;border-bottom-color: #898989 !important;border-bottom-style: solid !important;}&#8221;][vc_column width=&#8221;1\/4&#8243;][\/vc_column][vc_column width=&#8221;1\/2&#8243;][\/vc_column][vc_column width=&#8221;1\/4&#8243;][\/vc_column][\/vc_row][vc_row css_animation=&#8221;&#8221; row_type=&#8221;row&#8221;...","og_url":"https:\/\/dynosaurus.ee\/en\/broneeri\/","og_site_name":"DynoSaurus","article_modified_time":"2024-10-11T08:57:45+00:00","twitter_card":"summary_large_image","twitter_misc":{"Est. reading time":"2 minutes"},"schema":{"@context":"https:\/\/schema.org","@graph":[{"@type":"WebPage","@id":"https:\/\/dynosaurus.ee\/en\/broneeri\/","url":"https:\/\/dynosaurus.ee\/en\/broneeri\/","name":"Broneeri | DynoSaurus","isPartOf":{"@id":"https:\/\/dynosaurus.ee\/en\/#website"},"datePublished":"2024-10-07T16:26:31+00:00","dateModified":"2024-10-11T08:57:45+00:00","breadcrumb":{"@id":"https:\/\/dynosaurus.ee\/en\/broneeri\/#breadcrumb"},"inLanguage":"en-US","potentialAction":[{"@type":"ReadAction","target":[["https:\/\/dynosaurus.ee\/en\/broneeri\/"]]}]},{"@type":"BreadcrumbList","@id":"https:\/\/dynosaurus.ee\/en\/broneeri\/#breadcrumb","itemListElement":[{"@type":"ListItem","position":1,"name":"Home","item":"https:\/\/dynosaurus.ee\/en\/"},{"@type":"ListItem","position":2,"name":"Broneeri"}]},{"@type":"WebSite","@id":"https:\/\/dynosaurus.ee\/en\/#website","url":"https:\/\/dynosaurus.ee\/en\/","name":"DynoSaurus","description":"","publisher":{"@id":"https:\/\/dynosaurus.ee\/en\/#organization"},"potentialAction":[{"@type":"SearchAction","target":{"@type":"EntryPoint","urlTemplate":"https:\/\/dynosaurus.ee\/en\/?s={search_term_string}"},"query-input":{"@type":"PropertyValueSpecification","valueRequired":true,"valueName":"search_term_string"}}],"inLanguage":"en-US"},{"@type":"Organization","@id":"https:\/\/dynosaurus.ee\/en\/#organization","name":"DynoSaurus","url":"https:\/\/dynosaurus.ee\/en\/","logo":{"@type":"ImageObject","inLanguage":"en-US","@id":"https:\/\/dynosaurus.ee\/en\/#\/schema\/logo\/image\/","url":"https:\/\/dynosaurus.ee\/wp-content\/uploads\/2024\/10\/462539089_557322830128667_3786867041825376024_n.png","contentUrl":"https:\/\/dynosaurus.ee\/wp-content\/uploads\/2024\/10\/462539089_557322830128667_3786867041825376024_n.png","width":2048,"height":1449,"caption":"DynoSaurus"},"image":{"@id":"https:\/\/dynosaurus.ee\/en\/#\/schema\/logo\/image\/"}}]}},"_links":{"self":[{"href":"https:\/\/dynosaurus.ee\/en\/wp-json\/wp\/v2\/pages\/16251","targetHints":{"allow":["GET"]}}],"collection":[{"href":"https:\/\/dynosaurus.ee\/en\/wp-json\/wp\/v2\/pages"}],"about":[{"href":"https:\/\/dynosaurus.ee\/en\/wp-json\/wp\/v2\/types\/page"}],"author":[{"embeddable":true,"href":"https:\/\/dynosaurus.ee\/en\/wp-json\/wp\/v2\/users\/1"}],"replies":[{"embeddable":true,"href":"https:\/\/dynosaurus.ee\/en\/wp-json\/wp\/v2\/comments?post=16251"}],"version-history":[{"count":18,"href":"https:\/\/dynosaurus.ee\/en\/wp-json\/wp\/v2\/pages\/16251\/revisions"}],"predecessor-version":[{"id":16404,"href":"https:\/\/dynosaurus.ee\/en\/wp-json\/wp\/v2\/pages\/16251\/revisions\/16404"}],"wp:attachment":[{"href":"https:\/\/dynosaurus.ee\/en\/wp-json\/wp\/v2\/media?parent=16251"}],"curies":[{"name":"wp","href":"https:\/\/api.w.org\/{rel}","templated":true}]}}